{"id":156590,"date":"2026-04-22T11:15:26","date_gmt":"2026-04-22T08:15:26","guid":{"rendered":"https:\/\/thechairs.lt\/produktas\/lounge-chair-faro-2\/"},"modified":"2026-04-22T19:21:38","modified_gmt":"2026-04-22T16:21:38","slug":"lounge-chair-faro-2","status":"publish","type":"product","link":"https:\/\/thechairs.lt\/en\/produktas\/lounge-chair-faro-2\/","title":{"rendered":"Lounge chair Faro"},"content":{"rendered":"<p>The F\u00e5r\u00f6 armchair personifies the timeless elegance of Scandinavian design! With an inviting aesthetic and brilliant comfort, F\u00e5r\u00f6 is the ultimate choice to elevate your interior with Nordic finesse. This sophisticated armchair is characterized by soft shapes and well-defined lines in a solid oak veneer construction, giving it a classic character. The light gray fabric, reminiscent of soft fur, not only reflects a sense of refined luxury but also invites relaxation and welcoming warmth. Along with the armchair, you&#8217;ll get a matching footstool and an accompanying neck pillow for extra comfort and relaxation.<\/p>\n","protected":false},"excerpt":{"rendered":"<p>The F\u00e5r\u00f6 armchair personifies the timeless elegance of Scandinavian design! With an inviting aesthetic and brilliant comfort, F\u00e5r\u00f6 is the ultimate choice to elevate your interior with Nordic finesse. This sophisticated armchair is characterized by soft shapes and well-defined lines in a solid oak veneer construction, giving it a classic character. The light gray fabric, [&hellip;]<\/p>\n","protected":false},"featured_media":136183,"comment_status":"closed","ping_status":"open","template":"","meta":{"sale_price_date":""},"product_cat":[13069],"class_list":{"0":"post-156590","1":"product","2":"type-product","3":"status-publish","4":"has-post-thumbnail","6":"product_cat-armchairs","7":"pa_colors-whitewash","8":"pa_dimensions-89-x-107-x-60","9":"pa_main-color-light-grey","10":"pa_material-foam","11":"pa_material-plywood","12":"pa_material-polyester","13":"pa_permissible-weight-kg-19380","14":"pa_seat-depth-cm-18762","15":"pa_seat-height-cm-17331","16":"pa_seat-width-cm-18711","17":"pa_supplier-venture-design","18":"pa_total-depth-cm-18894","19":"pa_total-height-cm-17658","20":"pa_total-width-cm-17069","21":"pa_weight-kg-19173","23":"first","24":"outofstock","25":"shipping-taxable","26":"purchasable","27":"product-type-simple","28":"add-to-wishlist-before_image"},"_links":{"self":[{"href":"https:\/\/thechairs.lt\/en\/wp-json\/wp\/v2\/product\/156590","targetHints":{"allow":["GET"]}}],"collection":[{"href":"https:\/\/thechairs.lt\/en\/wp-json\/wp\/v2\/product"}],"about":[{"href":"https:\/\/thechairs.lt\/en\/wp-json\/wp\/v2\/types\/product"}],"replies":[{"embeddable":true,"href":"https:\/\/thechairs.lt\/en\/wp-json\/wp\/v2\/comments?post=156590"}],"wp:featuredmedia":[{"embeddable":true,"href":"https:\/\/thechairs.lt\/en\/wp-json\/wp\/v2\/media\/136183"}],"wp:attachment":[{"href":"https:\/\/thechairs.lt\/en\/wp-json\/wp\/v2\/media?parent=156590"}],"wp:term":[{"taxonomy":"product_cat","embeddable":true,"href":"https:\/\/thechairs.lt\/en\/wp-json\/wp\/v2\/product_cat?post=156590"}],"curies":[{"name":"wp","href":"https:\/\/api.w.org\/{rel}","templated":true}]}}