{"id":156290,"date":"2026-05-13T11:43:30","date_gmt":"2026-05-13T08:43:30","guid":{"rendered":"https:\/\/thechairs.lt\/produktas\/dining-chair-langon-3\/"},"modified":"2026-05-13T19:54:41","modified_gmt":"2026-05-13T16:54:41","slug":"dining-chair-langon-3","status":"publish","type":"product","link":"https:\/\/thechairs.lt\/en\/produktas\/dining-chair-langon-3\/","title":{"rendered":"Dining chair L\u00e5ng\u00f6n"},"content":{"rendered":"<p>Make every meal more inviting with the L\u00e5ng\u00f6n dining chair \u2013 an elegant and functional chair that combines style with comfort. This model comes in a practical 2-pack, perfect for updating your dining area with a cohesive look.<\/p>\n<p>The chair features a black metal frame that adds a modern, industrial touch and ensures great stability. The soft cushion in a warm beige tone provides a pleasant seating experience while creating a harmonious contrast to the dark frame.<\/p>\n","protected":false},"excerpt":{"rendered":"<p>Make every meal more inviting with the L\u00e5ng\u00f6n dining chair \u2013 an elegant and functional chair that combines style with comfort. This model comes in a practical 2-pack, perfect for updating your dining area with a cohesive look. The chair features a black metal frame that adds a modern, industrial touch and ensures great stability. [&hellip;]<\/p>\n","protected":false},"featured_media":156240,"comment_status":"closed","ping_status":"closed","template":"","meta":{"sale_price_date":""},"product_cat":[11697],"class_list":{"0":"post-156290","1":"product","2":"type-product","3":"status-publish","4":"has-post-thumbnail","6":"product_cat-chairs-en","7":"pa_colors-beige","8":"pa_colors-black","9":"pa_dimensions-56-x-77-x-53","10":"pa_main-color-black","11":"pa_material-ash","12":"pa_material-foam","13":"pa_material-polyester","14":"pa_permissible-weight-kg-19385","15":"pa_seat-depth-cm-18697","16":"pa_seat-height-cm-17313","17":"pa_seat-width-cm-18851","18":"pa_supplier-venture-design","19":"pa_total-depth-cm-18621","20":"pa_total-height-cm-17191","21":"pa_total-width-cm-17003","22":"pa_weight-kg-19039","24":"first","25":"instock","26":"shipping-taxable","27":"purchasable","28":"product-type-simple","29":"add-to-wishlist-before_image"},"_links":{"self":[{"href":"https:\/\/thechairs.lt\/en\/wp-json\/wp\/v2\/product\/156290","targetHints":{"allow":["GET"]}}],"collection":[{"href":"https:\/\/thechairs.lt\/en\/wp-json\/wp\/v2\/product"}],"about":[{"href":"https:\/\/thechairs.lt\/en\/wp-json\/wp\/v2\/types\/product"}],"replies":[{"embeddable":true,"href":"https:\/\/thechairs.lt\/en\/wp-json\/wp\/v2\/comments?post=156290"}],"wp:featuredmedia":[{"embeddable":true,"href":"https:\/\/thechairs.lt\/en\/wp-json\/wp\/v2\/media\/156240"}],"wp:attachment":[{"href":"https:\/\/thechairs.lt\/en\/wp-json\/wp\/v2\/media?parent=156290"}],"wp:term":[{"taxonomy":"product_cat","embeddable":true,"href":"https:\/\/thechairs.lt\/en\/wp-json\/wp\/v2\/product_cat?post=156290"}],"curies":[{"name":"wp","href":"https:\/\/api.w.org\/{rel}","templated":true}]}}