{"id":155949,"date":"2026-04-22T04:00:43","date_gmt":"2026-04-22T01:00:43","guid":{"rendered":"https:\/\/thechairs.lt\/produktas\/darbo-kede-whistler\/"},"modified":"2026-05-13T18:05:58","modified_gmt":"2026-05-13T15:05:58","slug":"darbo-kede-whistler","status":"publish","type":"product","link":"https:\/\/thechairs.lt\/en\/produktas\/darbo-kede-whistler\/","title":{"rendered":"Darbo k\u0117d\u0117 Whistler"},"content":{"rendered":"<p>Rio 190, juodas MPG, 5 ratuk\u0173 pagrindas, KD RIO yra modernus ir minimalistinis audinys, malonus liesti. Tai itin patvarus bald\u0173 apmu\u0161alas, idealiai tinkantis nam\u0173 interjerui, kuriame dera stilius ir ilgaam\u017ei\u0161kumas.<\/p>\n","protected":false},"excerpt":{"rendered":"<p>Rio 190, juodas MPG, 5 ratuk\u0173 pagrindas, KD RIO yra modernus ir minimalistinis audinys, malonus liesti. Tai itin patvarus bald\u0173 apmu\u0161alas, idealiai tinkantis nam\u0173 interjerui, kuriame dera stilius ir ilgaam\u017ei\u0161kumas.<\/p>\n","protected":false},"featured_media":95330,"comment_status":"closed","ping_status":"closed","template":"","meta":{"sale_price_date":""},"product_cat":[20401,16939,11715],"class_list":{"0":"post-155949","1":"product","2":"type-product","3":"status-publish","4":"has-post-thumbnail","6":"product_cat-darbo-kedes-office-chairs","7":"product_cat-desk-chairs","8":"product_cat-office-chairs","9":"pa_supplier-unique-furniture","11":"first","12":"instock","13":"shipping-taxable","14":"purchasable","15":"product-type-simple","16":"add-to-wishlist-before_image"},"_links":{"self":[{"href":"https:\/\/thechairs.lt\/en\/wp-json\/wp\/v2\/product\/155949","targetHints":{"allow":["GET"]}}],"collection":[{"href":"https:\/\/thechairs.lt\/en\/wp-json\/wp\/v2\/product"}],"about":[{"href":"https:\/\/thechairs.lt\/en\/wp-json\/wp\/v2\/types\/product"}],"replies":[{"embeddable":true,"href":"https:\/\/thechairs.lt\/en\/wp-json\/wp\/v2\/comments?post=155949"}],"wp:featuredmedia":[{"embeddable":true,"href":"https:\/\/thechairs.lt\/en\/wp-json\/wp\/v2\/media\/95330"}],"wp:attachment":[{"href":"https:\/\/thechairs.lt\/en\/wp-json\/wp\/v2\/media?parent=155949"}],"wp:term":[{"taxonomy":"product_cat","embeddable":true,"href":"https:\/\/thechairs.lt\/en\/wp-json\/wp\/v2\/product_cat?post=155949"}],"curies":[{"name":"wp","href":"https:\/\/api.w.org\/{rel}","templated":true}]}}