{"id":154962,"date":"2026-04-22T09:52:14","date_gmt":"2026-04-22T06:52:14","guid":{"rendered":"https:\/\/thechairs.lt\/produktas\/pusbario-kede-zed-3\/"},"modified":"2026-05-14T00:38:57","modified_gmt":"2026-05-13T21:38:57","slug":"pusbario-kede-zed-3","status":"publish","type":"product","link":"https:\/\/thechairs.lt\/en\/produktas\/pusbario-kede-zed-3\/","title":{"rendered":"Pusbario k\u0117d\u0117 ZED"},"content":{"rendered":"<p>Cashmere boucl\u00e9 fabric w. black metal legs<br \/>Complementing the ZED collection, the ZED counter stools have slim metal legs that extend into elegantly angled arm rests and continue behind the back and make it look almost floating. A modern look with the stringent lines that will suit any kitchen counter\/islands or low bar tables. The ZED COLLECTION consists of chairs, bar &#038; counter stools and lounge chairs.<\/p>\n","protected":false},"excerpt":{"rendered":"<p>Cashmere boucl\u00e9 fabric w. black metal legsComplementing the ZED collection, the ZED counter stools have slim metal legs that extend into elegantly angled arm rests and continue behind the back and make it look almost floating. A modern look with the stringent lines that will suit any kitchen counter\/islands or low bar tables. The ZED [&hellip;]<\/p>\n","protected":false},"featured_media":121118,"comment_status":"closed","ping_status":"closed","template":"","meta":{"sale_price_date":""},"product_cat":[13068,11707],"class_list":{"0":"post-154962","1":"product","2":"type-product","3":"status-publish","4":"has-post-thumbnail","6":"product_cat-all-bar-stools","7":"product_cat-counter-stools","8":"pa_colors-black","9":"pa_colors-grey","10":"pa_material-fabric","11":"pa_material-metal","12":"pa_material-steel","13":"pa_seat-height-cm-67-5","14":"pa_supplier-dan-form","15":"pa_total-depth-cm-18626","16":"pa_total-height-cm-17519","17":"pa_total-width-cm-51-5","18":"pa_weight-kg-19087","20":"first","21":"instock","22":"shipping-taxable","23":"purchasable","24":"product-type-simple","25":"add-to-wishlist-before_image"},"_links":{"self":[{"href":"https:\/\/thechairs.lt\/en\/wp-json\/wp\/v2\/product\/154962","targetHints":{"allow":["GET"]}}],"collection":[{"href":"https:\/\/thechairs.lt\/en\/wp-json\/wp\/v2\/product"}],"about":[{"href":"https:\/\/thechairs.lt\/en\/wp-json\/wp\/v2\/types\/product"}],"replies":[{"embeddable":true,"href":"https:\/\/thechairs.lt\/en\/wp-json\/wp\/v2\/comments?post=154962"}],"wp:featuredmedia":[{"embeddable":true,"href":"https:\/\/thechairs.lt\/en\/wp-json\/wp\/v2\/media\/121118"}],"wp:attachment":[{"href":"https:\/\/thechairs.lt\/en\/wp-json\/wp\/v2\/media?parent=154962"}],"wp:term":[{"taxonomy":"product_cat","embeddable":true,"href":"https:\/\/thechairs.lt\/en\/wp-json\/wp\/v2\/product_cat?post=154962"}],"curies":[{"name":"wp","href":"https:\/\/api.w.org\/{rel}","templated":true}]}}