{"id":154958,"date":"2026-04-22T09:52:09","date_gmt":"2026-04-22T06:52:09","guid":{"rendered":"https:\/\/thechairs.lt\/produktas\/pusbario-kede-paragon-2\/"},"modified":"2026-05-13T19:56:16","modified_gmt":"2026-05-13T16:56:16","slug":"pusbario-kede-paragon-2","status":"publish","type":"product","link":"https:\/\/thechairs.lt\/en\/produktas\/pusbario-kede-paragon-2\/","title":{"rendered":"Pusbario k\u0117d\u0117 PARAGON"},"content":{"rendered":"<p>Pebble earth boucl\u00e9 fabric with black ash legs<br \/>The PARAGON counter stool by Ebbe Gehl is a design with many interesting details. A slim yet curvy seat and back is mounted on a metal frame with sophisticated ash legs leaving a small gap between the legs and the seat to make the seat look almost floating. The legs extend a little up the back, for a distinct, elegant look. The PARAGON COLLECTION consists of chairs, bar &#038; counter stools and lounge chairs.<\/p>\n","protected":false},"excerpt":{"rendered":"<p>Pebble earth boucl\u00e9 fabric with black ash legsThe PARAGON counter stool by Ebbe Gehl is a design with many interesting details. A slim yet curvy seat and back is mounted on a metal frame with sophisticated ash legs leaving a small gap between the legs and the seat to make the seat look almost floating. [&hellip;]<\/p>\n","protected":false},"featured_media":121166,"comment_status":"closed","ping_status":"closed","template":"","meta":{"sale_price_date":""},"product_cat":[13068,11707],"class_list":{"0":"post-154958","1":"product","2":"type-product","3":"status-publish","4":"has-post-thumbnail","6":"product_cat-all-bar-stools","7":"product_cat-counter-stools","8":"pa_colors-black","9":"pa_colors-brown","10":"pa_material-fabric","11":"pa_material-wood","12":"pa_seat-depth-cm-18722","13":"pa_seat-height-cm-17282","14":"pa_supplier-dan-form","15":"pa_total-depth-cm-50-5","16":"pa_total-height-cm-92-5","17":"pa_total-width-cm-17003","18":"pa_weight-kg-8-5","20":"first","21":"instock","22":"shipping-taxable","23":"purchasable","24":"product-type-simple","25":"add-to-wishlist-before_image"},"_links":{"self":[{"href":"https:\/\/thechairs.lt\/en\/wp-json\/wp\/v2\/product\/154958","targetHints":{"allow":["GET"]}}],"collection":[{"href":"https:\/\/thechairs.lt\/en\/wp-json\/wp\/v2\/product"}],"about":[{"href":"https:\/\/thechairs.lt\/en\/wp-json\/wp\/v2\/types\/product"}],"replies":[{"embeddable":true,"href":"https:\/\/thechairs.lt\/en\/wp-json\/wp\/v2\/comments?post=154958"}],"wp:featuredmedia":[{"embeddable":true,"href":"https:\/\/thechairs.lt\/en\/wp-json\/wp\/v2\/media\/121166"}],"wp:attachment":[{"href":"https:\/\/thechairs.lt\/en\/wp-json\/wp\/v2\/media?parent=154958"}],"wp:term":[{"taxonomy":"product_cat","embeddable":true,"href":"https:\/\/thechairs.lt\/en\/wp-json\/wp\/v2\/product_cat?post=154958"}],"curies":[{"name":"wp","href":"https:\/\/api.w.org\/{rel}","templated":true}]}}