{"id":154956,"date":"2026-04-22T09:52:03","date_gmt":"2026-04-22T06:52:03","guid":{"rendered":"https:\/\/thechairs.lt\/produktas\/pusbario-kede-orbit-5\/"},"modified":"2026-05-15T15:17:24","modified_gmt":"2026-05-15T12:17:24","slug":"pusbario-kede-orbit-5","status":"publish","type":"product","link":"https:\/\/thechairs.lt\/en\/produktas\/pusbario-kede-orbit-5\/","title":{"rendered":"Pusbario k\u0117d\u0117 ORBIT"},"content":{"rendered":"<p>Frosted Almond RPES boucl\u00e9 fabric  w. shimmer &#038; antique brass metal legs<br \/>The ORBIT counter stool has a distinctive and luxurious appearance with a round, plush upholstered seat and a wrap-around back. The elegant design is accentuated by its conical legs, which add a touch of sophistication and elevate the design. This RPES fabric has a subtle shimmer that makes the chair sparkle ever so slightly. The ORBIT counter stools are a stylish addition to any bar or kitchen. The ORBIT COLLECTION consists of chairs, counter stools, lounge chairs and footstools.<\/p>\n","protected":false},"excerpt":{"rendered":"<p>Frosted Almond RPES boucl\u00e9 fabric w. shimmer &#038; antique brass metal legsThe ORBIT counter stool has a distinctive and luxurious appearance with a round, plush upholstered seat and a wrap-around back. The elegant design is accentuated by its conical legs, which add a touch of sophistication and elevate the design. This RPES fabric has a [&hellip;]<\/p>\n","protected":false},"featured_media":121313,"comment_status":"closed","ping_status":"closed","template":"","meta":{"sale_price_date":""},"product_cat":[13068,11707],"class_list":{"0":"post-154956","1":"product","2":"type-product","3":"status-publish","4":"has-post-thumbnail","6":"product_cat-all-bar-stools","7":"product_cat-counter-stools","8":"pa_colors-beige","9":"pa_colors-gold","10":"pa_colors-white","11":"pa_material-metal","12":"pa_material-rpes-fabric","13":"pa_material-steel","14":"pa_seat-depth-cm-18696","15":"pa_seat-height-cm-17282","16":"pa_supplier-dan-form","17":"pa_total-depth-cm-55-5","18":"pa_total-height-cm-92-5","19":"pa_total-width-cm-51-5","20":"pa_weight-kg-19052","22":"first","23":"instock","24":"shipping-taxable","25":"purchasable","26":"product-type-simple","27":"add-to-wishlist-before_image"},"_links":{"self":[{"href":"https:\/\/thechairs.lt\/en\/wp-json\/wp\/v2\/product\/154956","targetHints":{"allow":["GET"]}}],"collection":[{"href":"https:\/\/thechairs.lt\/en\/wp-json\/wp\/v2\/product"}],"about":[{"href":"https:\/\/thechairs.lt\/en\/wp-json\/wp\/v2\/types\/product"}],"replies":[{"embeddable":true,"href":"https:\/\/thechairs.lt\/en\/wp-json\/wp\/v2\/comments?post=154956"}],"wp:featuredmedia":[{"embeddable":true,"href":"https:\/\/thechairs.lt\/en\/wp-json\/wp\/v2\/media\/121313"}],"wp:attachment":[{"href":"https:\/\/thechairs.lt\/en\/wp-json\/wp\/v2\/media?parent=154956"}],"wp:term":[{"taxonomy":"product_cat","embeddable":true,"href":"https:\/\/thechairs.lt\/en\/wp-json\/wp\/v2\/product_cat?post=154956"}],"curies":[{"name":"wp","href":"https:\/\/api.w.org\/{rel}","templated":true}]}}