{"id":154952,"date":"2026-04-17T09:52:29","date_gmt":"2026-04-17T06:52:29","guid":{"rendered":"https:\/\/thechairs.lt\/produktas\/pusbario-kede-orbit\/"},"modified":"2026-04-18T08:59:32","modified_gmt":"2026-04-18T05:59:32","slug":"pusbario-kede-orbit","status":"publish","type":"product","link":"https:\/\/thechairs.lt\/en\/produktas\/pusbario-kede-orbit\/","title":{"rendered":"Pusbario k\u0117d\u0117 ORBIT"},"content":{"rendered":"<p>Cashmere boucl\u00e9 fabric w. black metal legs<br \/>The ORBIT counter stool has a distinctive and luxurious appearance with a round, plush upholstered seat and a wrap-around back. The elegant design is accentuated by its conical legs, which add a touch of sophistication and elevate the design. The ORBIT counter stools are a stylish addition to any bar or kitchen. The ORBIT COLLECTION consists of chairs, counter stools, lounge chairs and footstools.<\/p>\n","protected":false},"excerpt":{"rendered":"<p>Cashmere boucl\u00e9 fabric w. black metal legsThe ORBIT counter stool has a distinctive and luxurious appearance with a round, plush upholstered seat and a wrap-around back. The elegant design is accentuated by its conical legs, which add a touch of sophistication and elevate the design. The ORBIT counter stools are a stylish addition to any [&hellip;]<\/p>\n","protected":false},"featured_media":121255,"comment_status":"closed","ping_status":"closed","template":"","meta":{"sale_price_date":""},"product_cat":[13068,11707],"class_list":{"0":"post-154952","1":"product","2":"type-product","3":"status-publish","4":"has-post-thumbnail","6":"product_cat-all-bar-stools","7":"product_cat-counter-stools","8":"pa_colors-black","9":"pa_colors-grey","10":"pa_material-fabric","11":"pa_material-metal","12":"pa_material-steel","13":"pa_seat-depth-cm-18696","14":"pa_seat-height-cm-17282","15":"pa_supplier-dan-form","16":"pa_total-depth-cm-18619","17":"pa_total-height-cm-92-5","18":"pa_total-width-cm-51-5","19":"pa_weight-kg-19052","21":"first","22":"instock","23":"shipping-taxable","24":"purchasable","25":"product-type-simple","26":"add-to-wishlist-before_image"},"_links":{"self":[{"href":"https:\/\/thechairs.lt\/en\/wp-json\/wp\/v2\/product\/154952","targetHints":{"allow":["GET"]}}],"collection":[{"href":"https:\/\/thechairs.lt\/en\/wp-json\/wp\/v2\/product"}],"about":[{"href":"https:\/\/thechairs.lt\/en\/wp-json\/wp\/v2\/types\/product"}],"replies":[{"embeddable":true,"href":"https:\/\/thechairs.lt\/en\/wp-json\/wp\/v2\/comments?post=154952"}],"wp:featuredmedia":[{"embeddable":true,"href":"https:\/\/thechairs.lt\/en\/wp-json\/wp\/v2\/media\/121255"}],"wp:attachment":[{"href":"https:\/\/thechairs.lt\/en\/wp-json\/wp\/v2\/media?parent=154952"}],"wp:term":[{"taxonomy":"product_cat","embeddable":true,"href":"https:\/\/thechairs.lt\/en\/wp-json\/wp\/v2\/product_cat?post=154952"}],"curies":[{"name":"wp","href":"https:\/\/api.w.org\/{rel}","templated":true}]}}