{"id":154942,"date":"2026-04-17T09:52:16","date_gmt":"2026-04-17T06:52:16","guid":{"rendered":"https:\/\/thechairs.lt\/produktas\/pusbario-kede-glory-6\/"},"modified":"2026-04-18T08:59:32","modified_gmt":"2026-04-18T05:59:32","slug":"pusbario-kede-glory-6","status":"publish","type":"product","link":"https:\/\/thechairs.lt\/en\/produktas\/pusbario-kede-glory-6\/","title":{"rendered":"Pusbario k\u0117d\u0117 GLORY"},"content":{"rendered":"<p>Pebble earth boucl\u00e9 fabric with black metal legs<br \/>The GLORY counter stool complements the GLORY chairs. It has a fresh design and comfortable seat and in combination with the extended legs on the back, it makes the counter stool interesting to look at from any angle. THE GLORY COLLECTION consists of chairs and counter stools.<\/p>\n","protected":false},"excerpt":{"rendered":"<p>Pebble earth boucl\u00e9 fabric with black metal legsThe GLORY counter stool complements the GLORY chairs. It has a fresh design and comfortable seat and in combination with the extended legs on the back, it makes the counter stool interesting to look at from any angle. THE GLORY COLLECTION consists of chairs and counter stools.<\/p>\n","protected":false},"featured_media":154871,"comment_status":"closed","ping_status":"closed","template":"","meta":{"sale_price_date":""},"product_cat":[13068,11707],"class_list":{"0":"post-154942","1":"product","2":"type-product","3":"status-publish","4":"has-post-thumbnail","6":"product_cat-all-bar-stools","7":"product_cat-counter-stools","8":"pa_colors-black","9":"pa_colors-brown","10":"pa_material-fabric","11":"pa_material-steel","12":"pa_seat-depth-cm-18685","13":"pa_seat-height-cm-67-5","14":"pa_supplier-dan-form","15":"pa_total-depth-cm-55-5","16":"pa_total-height-cm-95-5","17":"pa_total-width-cm-16969","18":"pa_weight-kg-6-6","20":"first","21":"instock","22":"shipping-taxable","23":"purchasable","24":"product-type-simple","25":"add-to-wishlist-before_image"},"_links":{"self":[{"href":"https:\/\/thechairs.lt\/en\/wp-json\/wp\/v2\/product\/154942","targetHints":{"allow":["GET"]}}],"collection":[{"href":"https:\/\/thechairs.lt\/en\/wp-json\/wp\/v2\/product"}],"about":[{"href":"https:\/\/thechairs.lt\/en\/wp-json\/wp\/v2\/types\/product"}],"replies":[{"embeddable":true,"href":"https:\/\/thechairs.lt\/en\/wp-json\/wp\/v2\/comments?post=154942"}],"wp:featuredmedia":[{"embeddable":true,"href":"https:\/\/thechairs.lt\/en\/wp-json\/wp\/v2\/media\/154871"}],"wp:attachment":[{"href":"https:\/\/thechairs.lt\/en\/wp-json\/wp\/v2\/media?parent=154942"}],"wp:term":[{"taxonomy":"product_cat","embeddable":true,"href":"https:\/\/thechairs.lt\/en\/wp-json\/wp\/v2\/product_cat?post=154942"}],"curies":[{"name":"wp","href":"https:\/\/api.w.org\/{rel}","templated":true}]}}