{"id":154941,"date":"2026-04-17T09:52:09","date_gmt":"2026-04-17T06:52:09","guid":{"rendered":"https:\/\/thechairs.lt\/produktas\/pusbario-kede-glory-5\/"},"modified":"2026-04-20T13:16:43","modified_gmt":"2026-04-20T10:16:43","slug":"pusbario-kede-glory-5","status":"publish","type":"product","link":"https:\/\/thechairs.lt\/en\/produktas\/pusbario-kede-glory-5\/","title":{"rendered":"Pusbario k\u0117d\u0117 GLORY"},"content":{"rendered":"<p>Raven black boucl\u00e9 fabric with black legs<br \/>The GLORY counter stool complements the GLORY chairs. It has a fresh design and comfortable seat and in combination with the extended legs on the back, it makes the counter stool interesting to look at from any angle. THE GLORY COLLECTION consists of chairs and counter stools.<\/p>\n","protected":false},"excerpt":{"rendered":"<p>Raven black boucl\u00e9 fabric with black legsThe GLORY counter stool complements the GLORY chairs. It has a fresh design and comfortable seat and in combination with the extended legs on the back, it makes the counter stool interesting to look at from any angle. THE GLORY COLLECTION consists of chairs and counter stools.<\/p>\n","protected":false},"featured_media":154860,"comment_status":"closed","ping_status":"closed","template":"","meta":{"sale_price_date":""},"product_cat":[13068,11707],"class_list":{"0":"post-154941","1":"product","2":"type-product","3":"status-publish","4":"has-post-thumbnail","6":"product_cat-all-bar-stools","7":"product_cat-counter-stools","8":"pa_colors-black","9":"pa_material-fabric","10":"pa_material-steel","11":"pa_seat-depth-cm-18685","12":"pa_seat-height-cm-67-5","13":"pa_supplier-dan-form","14":"pa_total-depth-cm-55-5","15":"pa_total-height-cm-95-5","16":"pa_total-width-cm-16969","17":"pa_weight-kg-6-6","19":"first","20":"instock","21":"shipping-taxable","22":"purchasable","23":"product-type-simple","24":"add-to-wishlist-before_image"},"_links":{"self":[{"href":"https:\/\/thechairs.lt\/en\/wp-json\/wp\/v2\/product\/154941","targetHints":{"allow":["GET"]}}],"collection":[{"href":"https:\/\/thechairs.lt\/en\/wp-json\/wp\/v2\/product"}],"about":[{"href":"https:\/\/thechairs.lt\/en\/wp-json\/wp\/v2\/types\/product"}],"replies":[{"embeddable":true,"href":"https:\/\/thechairs.lt\/en\/wp-json\/wp\/v2\/comments?post=154941"}],"wp:featuredmedia":[{"embeddable":true,"href":"https:\/\/thechairs.lt\/en\/wp-json\/wp\/v2\/media\/154860"}],"wp:attachment":[{"href":"https:\/\/thechairs.lt\/en\/wp-json\/wp\/v2\/media?parent=154941"}],"wp:term":[{"taxonomy":"product_cat","embeddable":true,"href":"https:\/\/thechairs.lt\/en\/wp-json\/wp\/v2\/product_cat?post=154941"}],"curies":[{"name":"wp","href":"https:\/\/api.w.org\/{rel}","templated":true}]}}