{"id":154939,"date":"2026-04-17T09:52:09","date_gmt":"2026-04-17T06:52:09","guid":{"rendered":"https:\/\/thechairs.lt\/produktas\/pusbario-kede-glory-3\/"},"modified":"2026-04-20T13:16:28","modified_gmt":"2026-04-20T10:16:28","slug":"pusbario-kede-glory-3","status":"publish","type":"product","link":"https:\/\/thechairs.lt\/en\/produktas\/pusbario-kede-glory-3\/","title":{"rendered":"Pusbario k\u0117d\u0117 GLORY"},"content":{"rendered":"<p>Simply beige boucl\u00e9 fabric with black swivel legs<br \/>The GLORY counter stool complements the GLORY chairs. It has a fresh design and comfortable seat and in combination with elegant swivel legs, it makes the counter stool interesting to look at from any angle. The swivel legs come with a clever auto-return feature. THE GLORY COLLECTION consists of chairs and counter stools.<\/p>\n","protected":false},"excerpt":{"rendered":"<p>Simply beige boucl\u00e9 fabric with black swivel legsThe GLORY counter stool complements the GLORY chairs. It has a fresh design and comfortable seat and in combination with elegant swivel legs, it makes the counter stool interesting to look at from any angle. The swivel legs come with a clever auto-return feature. THE GLORY COLLECTION consists [&hellip;]<\/p>\n","protected":false},"featured_media":121417,"comment_status":"closed","ping_status":"closed","template":"","meta":{"sale_price_date":""},"product_cat":[13068,11707],"class_list":{"0":"post-154939","1":"product","2":"type-product","3":"status-publish","4":"has-post-thumbnail","6":"product_cat-all-bar-stools","7":"product_cat-counter-stools","8":"pa_colors-beige","9":"pa_colors-black","10":"pa_colors-white","11":"pa_material-fabric","12":"pa_material-metal","13":"pa_material-steel","14":"pa_seat-depth-cm-18685","15":"pa_seat-height-cm-67-5","16":"pa_supplier-dan-form","17":"pa_total-depth-cm-18621","18":"pa_total-height-cm-94-5","19":"pa_total-width-cm-16969","20":"pa_weight-kg-8-32","22":"first","23":"instock","24":"shipping-taxable","25":"purchasable","26":"product-type-simple","27":"add-to-wishlist-before_image"},"_links":{"self":[{"href":"https:\/\/thechairs.lt\/en\/wp-json\/wp\/v2\/product\/154939","targetHints":{"allow":["GET"]}}],"collection":[{"href":"https:\/\/thechairs.lt\/en\/wp-json\/wp\/v2\/product"}],"about":[{"href":"https:\/\/thechairs.lt\/en\/wp-json\/wp\/v2\/types\/product"}],"replies":[{"embeddable":true,"href":"https:\/\/thechairs.lt\/en\/wp-json\/wp\/v2\/comments?post=154939"}],"wp:featuredmedia":[{"embeddable":true,"href":"https:\/\/thechairs.lt\/en\/wp-json\/wp\/v2\/media\/121417"}],"wp:attachment":[{"href":"https:\/\/thechairs.lt\/en\/wp-json\/wp\/v2\/media?parent=154939"}],"wp:term":[{"taxonomy":"product_cat","embeddable":true,"href":"https:\/\/thechairs.lt\/en\/wp-json\/wp\/v2\/product_cat?post=154939"}],"curies":[{"name":"wp","href":"https:\/\/api.w.org\/{rel}","templated":true}]}}