{"id":154936,"date":"2026-04-22T09:51:43","date_gmt":"2026-04-22T06:51:43","guid":{"rendered":"https:\/\/thechairs.lt\/produktas\/pusbario-kede-glam-8\/"},"modified":"2026-04-22T11:52:52","modified_gmt":"2026-04-22T08:52:52","slug":"pusbario-kede-glam-8","status":"publish","type":"product","link":"https:\/\/thechairs.lt\/en\/produktas\/pusbario-kede-glam-8\/","title":{"rendered":"Pusbario k\u0117d\u0117 GLAM"},"content":{"rendered":"<p>Major brown boucl\u00e9 fabric with black swivel legs<br \/>Designed by Sanne Protin, the GLAM counter stool oozes elegance and has a regal presence in its softly shaped seat. The legs are beautifully angled and feature a convenient auto-return feature. Comfortable and stylish, this counter stool fits well at a counter height, such as kitchen counter tops or lower bar tables. The GLAM COLLECTION consists of chairs, bar &#038; counter stools, lounge chairs, footstools and office chairs.<\/p>\n","protected":false},"excerpt":{"rendered":"<p>Major brown boucl\u00e9 fabric with black swivel legsDesigned by Sanne Protin, the GLAM counter stool oozes elegance and has a regal presence in its softly shaped seat. The legs are beautifully angled and feature a convenient auto-return feature. Comfortable and stylish, this counter stool fits well at a counter height, such as kitchen counter tops [&hellip;]<\/p>\n","protected":false},"featured_media":121361,"comment_status":"closed","ping_status":"closed","template":"","meta":{"sale_price_date":""},"product_cat":[13068,11707],"class_list":{"0":"post-154936","1":"product","2":"type-product","3":"status-publish","4":"has-post-thumbnail","6":"product_cat-all-bar-stools","7":"product_cat-counter-stools","8":"pa_colors-black","9":"pa_colors-brown","10":"pa_material-fabric","11":"pa_material-metal","12":"pa_material-steel","13":"pa_seat-depth-cm-18702","14":"pa_seat-height-cm-67-5","15":"pa_supplier-dan-form","16":"pa_total-depth-cm-18658","17":"pa_total-height-cm-94-5","18":"pa_total-width-cm-17178","19":"pa_weight-kg-8-39","21":"first","22":"instock","23":"shipping-taxable","24":"purchasable","25":"product-type-simple","26":"add-to-wishlist-before_image"},"_links":{"self":[{"href":"https:\/\/thechairs.lt\/en\/wp-json\/wp\/v2\/product\/154936","targetHints":{"allow":["GET"]}}],"collection":[{"href":"https:\/\/thechairs.lt\/en\/wp-json\/wp\/v2\/product"}],"about":[{"href":"https:\/\/thechairs.lt\/en\/wp-json\/wp\/v2\/types\/product"}],"replies":[{"embeddable":true,"href":"https:\/\/thechairs.lt\/en\/wp-json\/wp\/v2\/comments?post=154936"}],"wp:featuredmedia":[{"embeddable":true,"href":"https:\/\/thechairs.lt\/en\/wp-json\/wp\/v2\/media\/121361"}],"wp:attachment":[{"href":"https:\/\/thechairs.lt\/en\/wp-json\/wp\/v2\/media?parent=154936"}],"wp:term":[{"taxonomy":"product_cat","embeddable":true,"href":"https:\/\/thechairs.lt\/en\/wp-json\/wp\/v2\/product_cat?post=154936"}],"curies":[{"name":"wp","href":"https:\/\/api.w.org\/{rel}","templated":true}]}}