{"id":154935,"date":"2026-04-17T09:52:02","date_gmt":"2026-04-17T06:52:02","guid":{"rendered":"https:\/\/thechairs.lt\/produktas\/pusbario-kede-glam-7\/"},"modified":"2026-04-20T13:18:00","modified_gmt":"2026-04-20T10:18:00","slug":"pusbario-kede-glam-7","status":"publish","type":"product","link":"https:\/\/thechairs.lt\/en\/produktas\/pusbario-kede-glam-7\/","title":{"rendered":"Pusbario k\u0117d\u0117 GLAM"},"content":{"rendered":"<p>Dark olive boucl\u00e9 fabric with antique pewter legs<br \/>Designed by Sanne Protin, the GLAM counter stool oozes elegance and has a regal presence in its softly shaped seat. The legs are beautifully angled and feature a convenient auto-return feature. Comfortable and stylish, this counter stool fits well at a counter height, such as kitchen counter tops or lower bar tables. The GLAM COLLECTION consists of chairs, bar &#038; counter stools, lounge chairs, footstools and office chairs.<\/p>\n","protected":false},"excerpt":{"rendered":"<p>Dark olive boucl\u00e9 fabric with antique pewter legsDesigned by Sanne Protin, the GLAM counter stool oozes elegance and has a regal presence in its softly shaped seat. The legs are beautifully angled and feature a convenient auto-return feature. Comfortable and stylish, this counter stool fits well at a counter height, such as kitchen counter tops [&hellip;]<\/p>\n","protected":false},"featured_media":121345,"comment_status":"closed","ping_status":"closed","template":"","meta":{"sale_price_date":""},"product_cat":[13068,11707],"class_list":{"0":"post-154935","1":"product","2":"type-product","3":"status-publish","4":"has-post-thumbnail","6":"product_cat-all-bar-stools","7":"product_cat-counter-stools","8":"pa_colors-green","9":"pa_colors-grey","10":"pa_colors-silver","11":"pa_material-fabric","12":"pa_material-metal","13":"pa_material-steel","14":"pa_seat-depth-cm-18702","15":"pa_seat-height-cm-67-5","16":"pa_supplier-dan-form","17":"pa_total-depth-cm-18658","18":"pa_total-height-cm-94-5","19":"pa_total-width-cm-17178","20":"pa_weight-kg-8-39","22":"first","23":"instock","24":"shipping-taxable","25":"purchasable","26":"product-type-simple","27":"add-to-wishlist-before_image"},"_links":{"self":[{"href":"https:\/\/thechairs.lt\/en\/wp-json\/wp\/v2\/product\/154935","targetHints":{"allow":["GET"]}}],"collection":[{"href":"https:\/\/thechairs.lt\/en\/wp-json\/wp\/v2\/product"}],"about":[{"href":"https:\/\/thechairs.lt\/en\/wp-json\/wp\/v2\/types\/product"}],"replies":[{"embeddable":true,"href":"https:\/\/thechairs.lt\/en\/wp-json\/wp\/v2\/comments?post=154935"}],"wp:featuredmedia":[{"embeddable":true,"href":"https:\/\/thechairs.lt\/en\/wp-json\/wp\/v2\/media\/121345"}],"wp:attachment":[{"href":"https:\/\/thechairs.lt\/en\/wp-json\/wp\/v2\/media?parent=154935"}],"wp:term":[{"taxonomy":"product_cat","embeddable":true,"href":"https:\/\/thechairs.lt\/en\/wp-json\/wp\/v2\/product_cat?post=154935"}],"curies":[{"name":"wp","href":"https:\/\/api.w.org\/{rel}","templated":true}]}}