{"id":154934,"date":"2026-04-17T09:52:02","date_gmt":"2026-04-17T06:52:02","guid":{"rendered":"https:\/\/thechairs.lt\/produktas\/pusbario-kede-glam-6\/"},"modified":"2026-04-18T09:27:47","modified_gmt":"2026-04-18T06:27:47","slug":"pusbario-kede-glam-6","status":"publish","type":"product","link":"https:\/\/thechairs.lt\/en\/produktas\/pusbario-kede-glam-6\/","title":{"rendered":"Pusbario k\u0117d\u0117 GLAM"},"content":{"rendered":"<p>Frosted almond boucl\u00e9 fabric  w. shimmer &#038; antique brass metal legs<br \/>Designed by Sanne Protin, the GLAM counter stool oozes elegance and has a regal presence in its softly shaped seat and slim, slightly conical legs. Comfortable and stylish, this counter stool fits well at a counter height, such as kitchen counter tops or lower bar tables. This fabric has a subtle shimmer that makes the chair sparkle ever so slightly. The GLAM COLLECTION consists of chairs, bar &#038; counter stools, lounge chairs, footstools and office chairs.<\/p>\n","protected":false},"excerpt":{"rendered":"<p>Frosted almond boucl\u00e9 fabric w. shimmer &#038; antique brass metal legsDesigned by Sanne Protin, the GLAM counter stool oozes elegance and has a regal presence in its softly shaped seat and slim, slightly conical legs. Comfortable and stylish, this counter stool fits well at a counter height, such as kitchen counter tops or lower bar [&hellip;]<\/p>\n","protected":false},"featured_media":121242,"comment_status":"closed","ping_status":"closed","template":"","meta":{"sale_price_date":""},"product_cat":[13068,11707],"class_list":{"0":"post-154934","1":"product","2":"type-product","3":"status-publish","4":"has-post-thumbnail","6":"product_cat-all-bar-stools","7":"product_cat-counter-stools","8":"pa_colors-beige","9":"pa_colors-gold","10":"pa_colors-white","11":"pa_material-fabric","12":"pa_material-metal","13":"pa_material-steel","14":"pa_seat-depth-cm-41-5","15":"pa_seat-height-cm-17278","16":"pa_supplier-dan-form","17":"pa_total-depth-cm-18658","18":"pa_total-height-cm-17519","19":"pa_total-width-cm-17178","20":"pa_weight-kg-6-6","22":"first","23":"instock","24":"shipping-taxable","25":"purchasable","26":"product-type-simple","27":"add-to-wishlist-before_image"},"_links":{"self":[{"href":"https:\/\/thechairs.lt\/en\/wp-json\/wp\/v2\/product\/154934","targetHints":{"allow":["GET"]}}],"collection":[{"href":"https:\/\/thechairs.lt\/en\/wp-json\/wp\/v2\/product"}],"about":[{"href":"https:\/\/thechairs.lt\/en\/wp-json\/wp\/v2\/types\/product"}],"replies":[{"embeddable":true,"href":"https:\/\/thechairs.lt\/en\/wp-json\/wp\/v2\/comments?post=154934"}],"wp:featuredmedia":[{"embeddable":true,"href":"https:\/\/thechairs.lt\/en\/wp-json\/wp\/v2\/media\/121242"}],"wp:attachment":[{"href":"https:\/\/thechairs.lt\/en\/wp-json\/wp\/v2\/media?parent=154934"}],"wp:term":[{"taxonomy":"product_cat","embeddable":true,"href":"https:\/\/thechairs.lt\/en\/wp-json\/wp\/v2\/product_cat?post=154934"}],"curies":[{"name":"wp","href":"https:\/\/api.w.org\/{rel}","templated":true}]}}