{"id":154929,"date":"2026-04-17T09:51:56","date_gmt":"2026-04-17T06:51:56","guid":{"rendered":"https:\/\/thechairs.lt\/produktas\/pusbario-kede-glam\/"},"modified":"2026-04-18T09:26:55","modified_gmt":"2026-04-18T06:26:55","slug":"pusbario-kede-glam","status":"publish","type":"product","link":"https:\/\/thechairs.lt\/en\/produktas\/pusbario-kede-glam\/","title":{"rendered":"Pusbario k\u0117d\u0117 GLAM"},"content":{"rendered":"<p>Pebble grey boucl\u00e9 fabric with black legs<br \/>Designed by Sanne Protin, the GLAM counter stool oozes elegance and has a regal presence in its softly shaped seat and slim, slightly conical legs. Comfortable and stylish, this counter stool fits well at a counter height, such as kitchen counter tops or lower bar tables. The GLAM COLLECTION consists of chairs, bar &#038; counter stools, lounge chairs, footstools and office chairs.<\/p>\n","protected":false},"excerpt":{"rendered":"<p>Pebble grey boucl\u00e9 fabric with black legsDesigned by Sanne Protin, the GLAM counter stool oozes elegance and has a regal presence in its softly shaped seat and slim, slightly conical legs. Comfortable and stylish, this counter stool fits well at a counter height, such as kitchen counter tops or lower bar tables. The GLAM COLLECTION [&hellip;]<\/p>\n","protected":false},"featured_media":121184,"comment_status":"closed","ping_status":"closed","template":"","meta":{"sale_price_date":""},"product_cat":[13068,11707],"class_list":{"0":"post-154929","1":"product","2":"type-product","3":"status-publish","4":"has-post-thumbnail","6":"product_cat-all-bar-stools","7":"product_cat-counter-stools","8":"pa_colors-black","9":"pa_colors-grey","10":"pa_material-fabric","11":"pa_material-metal","12":"pa_material-steel","13":"pa_seat-depth-cm-41-5","14":"pa_seat-height-cm-17278","15":"pa_supplier-dan-form","16":"pa_total-depth-cm-18658","17":"pa_total-height-cm-17519","18":"pa_total-width-cm-17178","19":"pa_weight-kg-6-6","21":"first","22":"instock","23":"shipping-taxable","24":"purchasable","25":"product-type-simple","26":"add-to-wishlist-before_image"},"_links":{"self":[{"href":"https:\/\/thechairs.lt\/en\/wp-json\/wp\/v2\/product\/154929","targetHints":{"allow":["GET"]}}],"collection":[{"href":"https:\/\/thechairs.lt\/en\/wp-json\/wp\/v2\/product"}],"about":[{"href":"https:\/\/thechairs.lt\/en\/wp-json\/wp\/v2\/types\/product"}],"replies":[{"embeddable":true,"href":"https:\/\/thechairs.lt\/en\/wp-json\/wp\/v2\/comments?post=154929"}],"wp:featuredmedia":[{"embeddable":true,"href":"https:\/\/thechairs.lt\/en\/wp-json\/wp\/v2\/media\/121184"}],"wp:attachment":[{"href":"https:\/\/thechairs.lt\/en\/wp-json\/wp\/v2\/media?parent=154929"}],"wp:term":[{"taxonomy":"product_cat","embeddable":true,"href":"https:\/\/thechairs.lt\/en\/wp-json\/wp\/v2\/product_cat?post=154929"}],"curies":[{"name":"wp","href":"https:\/\/api.w.org\/{rel}","templated":true}]}}