{"id":154004,"date":"2026-04-22T11:06:19","date_gmt":"2026-04-22T08:06:19","guid":{"rendered":"https:\/\/thechairs.lt\/produktas\/lounge-chair-faro\/"},"modified":"2026-04-25T11:56:01","modified_gmt":"2026-04-25T08:56:01","slug":"lounge-chair-faro","status":"publish","type":"product","link":"https:\/\/thechairs.lt\/en\/produktas\/lounge-chair-faro\/","title":{"rendered":"Lounge chair Faro"},"content":{"rendered":"<p>The F\u00e5r\u00f6 armchair epitomizes Scandinavian design in an iconic manner! With its appealing aesthetics and comfort, F\u00e5r\u00f6 is the optimal choice for elevating your interior with Nordic elegance. This stylish armchair features soft curves and meticulous lines in a wooden construction, giving it a timeless character. The fur-like brown polyester fabric not only conveys a sense of luxury but also invites relaxation and warmth. With the F\u00e5r\u00f6 armchair, you also get a matching ottoman and an accompanying neck pillow for extra comfort and relaxation. Not just a practical piece of furniture, but also a stylish interior detail that will become a beloved part of your home for years to come!<\/p>\n","protected":false},"excerpt":{"rendered":"<p>The F\u00e5r\u00f6 armchair epitomizes Scandinavian design in an iconic manner! With its appealing aesthetics and comfort, F\u00e5r\u00f6 is the optimal choice for elevating your interior with Nordic elegance. This stylish armchair features soft curves and meticulous lines in a wooden construction, giving it a timeless character. The fur-like brown polyester fabric not only conveys a [&hellip;]<\/p>\n","protected":false},"featured_media":147933,"comment_status":"closed","ping_status":"closed","template":"","meta":{"sale_price_date":""},"product_cat":[13069],"class_list":{"0":"post-154004","1":"product","2":"type-product","3":"status-publish","4":"has-post-thumbnail","6":"product_cat-armchairs","7":"pa_colors-beige","8":"pa_colors-brown","9":"pa_dimensions-89-x-107-x-60","10":"pa_main-color-brown","11":"pa_material-foam","12":"pa_material-plywood","13":"pa_material-polyester","14":"pa_permissible-weight-kg-19380","15":"pa_seat-depth-cm-18762","16":"pa_seat-height-cm-17331","17":"pa_seat-width-cm-18711","18":"pa_supplier-venture-design","19":"pa_total-depth-cm-18894","20":"pa_total-height-cm-17658","21":"pa_total-width-cm-17069","22":"pa_weight-kg-19173","24":"first","25":"outofstock","26":"shipping-taxable","27":"purchasable","28":"product-type-simple","29":"add-to-wishlist-before_image"},"_links":{"self":[{"href":"https:\/\/thechairs.lt\/en\/wp-json\/wp\/v2\/product\/154004","targetHints":{"allow":["GET"]}}],"collection":[{"href":"https:\/\/thechairs.lt\/en\/wp-json\/wp\/v2\/product"}],"about":[{"href":"https:\/\/thechairs.lt\/en\/wp-json\/wp\/v2\/types\/product"}],"replies":[{"embeddable":true,"href":"https:\/\/thechairs.lt\/en\/wp-json\/wp\/v2\/comments?post=154004"}],"wp:featuredmedia":[{"embeddable":true,"href":"https:\/\/thechairs.lt\/en\/wp-json\/wp\/v2\/media\/147933"}],"wp:attachment":[{"href":"https:\/\/thechairs.lt\/en\/wp-json\/wp\/v2\/media?parent=154004"}],"wp:term":[{"taxonomy":"product_cat","embeddable":true,"href":"https:\/\/thechairs.lt\/en\/wp-json\/wp\/v2\/product_cat?post=154004"}],"curies":[{"name":"wp","href":"https:\/\/api.w.org\/{rel}","templated":true}]}}