{"id":154000,"date":"2026-04-17T11:06:24","date_gmt":"2026-04-17T08:06:24","guid":{"rendered":"https:\/\/thechairs.lt\/produktas\/lounge-chair-groto-2\/"},"modified":"2026-04-18T01:42:41","modified_gmt":"2026-04-17T22:42:41","slug":"lounge-chair-groto-2","status":"publish","type":"product","link":"https:\/\/thechairs.lt\/en\/produktas\/lounge-chair-groto-2\/","title":{"rendered":"Lounge chair Gr\u00f6t\u00f6"},"content":{"rendered":"<p>Sit back and relax after a long day in the Gr\u00f6t\u00f6 armchair with its matching ottoman! Its plywood frame in whitewash, combined with the light grey polyester upholstery, creates an elegant and natural ambiance that seamlessly blends into any room. With its curved shapes and meticulously crafted details, the Gr\u00f6t\u00f6 is both functional and stylish. The clean lines of the cushions contribute to a modern feel, complementing the armchair&#8217;s graceful design. Experience the harmonious blend of materials, colors, and forms, and create an inviting oasis in your home with the Gr\u00f6t\u00f6 armchair and ottoman.<\/p>\n","protected":false},"excerpt":{"rendered":"<p>Sit back and relax after a long day in the Gr\u00f6t\u00f6 armchair with its matching ottoman! Its plywood frame in whitewash, combined with the light grey polyester upholstery, creates an elegant and natural ambiance that seamlessly blends into any room. With its curved shapes and meticulously crafted details, the Gr\u00f6t\u00f6 is both functional and stylish. [&hellip;]<\/p>\n","protected":false},"featured_media":153890,"comment_status":"closed","ping_status":"closed","template":"","meta":{"sale_price_date":""},"product_cat":[13069],"class_list":{"0":"post-154000","1":"product","2":"type-product","3":"status-publish","4":"has-post-thumbnail","6":"product_cat-armchairs","7":"pa_colors-whitewash","8":"pa_dimensions-80-x-104-x-63","9":"pa_main-color-light-grey","10":"pa_material-eps-foam","11":"pa_material-plywood","12":"pa_material-polyester","13":"pa_permissible-weight-kg-19380","14":"pa_seat-depth-cm-18762","15":"pa_seat-height-cm-17460","16":"pa_seat-width-cm-18711","17":"pa_supplier-venture-design","18":"pa_total-depth-cm-18631","19":"pa_total-height-cm-17560","20":"pa_total-width-cm-17155","21":"pa_weight-kg-12-7","23":"first","24":"instock","25":"shipping-taxable","26":"purchasable","27":"product-type-simple","28":"add-to-wishlist-before_image"},"_links":{"self":[{"href":"https:\/\/thechairs.lt\/en\/wp-json\/wp\/v2\/product\/154000","targetHints":{"allow":["GET"]}}],"collection":[{"href":"https:\/\/thechairs.lt\/en\/wp-json\/wp\/v2\/product"}],"about":[{"href":"https:\/\/thechairs.lt\/en\/wp-json\/wp\/v2\/types\/product"}],"replies":[{"embeddable":true,"href":"https:\/\/thechairs.lt\/en\/wp-json\/wp\/v2\/comments?post=154000"}],"wp:featuredmedia":[{"embeddable":true,"href":"https:\/\/thechairs.lt\/en\/wp-json\/wp\/v2\/media\/153890"}],"wp:attachment":[{"href":"https:\/\/thechairs.lt\/en\/wp-json\/wp\/v2\/media?parent=154000"}],"wp:term":[{"taxonomy":"product_cat","embeddable":true,"href":"https:\/\/thechairs.lt\/en\/wp-json\/wp\/v2\/product_cat?post=154000"}],"curies":[{"name":"wp","href":"https:\/\/api.w.org\/{rel}","templated":true}]}}